{"id":16,"date":"2025-12-02T17:59:22","date_gmt":"2025-12-02T16:59:22","guid":{"rendered":"https:\/\/beauty-profs.com\/?page_id=16"},"modified":"2025-12-12T02:54:08","modified_gmt":"2025-12-12T01:54:08","slug":"contact","status":"publish","type":"page","link":"https:\/\/beauty-profs.com\/en\/contact\/","title":{"rendered":"Contact"},"content":{"rendered":"<style>.kadence-column16_91a8b2-61 > .kt-inside-inner-col{display:flex;}.kadence-column16_91a8b2-61 > .kt-inside-inner-col{min-height:60vh;}.kadence-column16_91a8b2-61 > .kt-inside-inner-col,.kadence-column16_91a8b2-61 > .kt-inside-inner-col:before{border-top-left-radius:0px;border-top-right-radius:0px;border-bottom-right-radius:0px;border-bottom-left-radius:0px;}.kadence-column16_91a8b2-61 > .kt-inside-inner-col{column-gap:var(--global-kb-gap-sm, 1rem);}.kadence-column16_91a8b2-61 > .kt-inside-inner-col{flex-direction:column;justify-content:center;}.kadence-column16_91a8b2-61 > .kt-inside-inner-col > .aligncenter{width:100%;}.kt-row-column-wrap > .kadence-column16_91a8b2-61{align-self:center;}.kt-inner-column-height-full:not(.kt-has-1-columns) > .wp-block-kadence-column.kadence-column16_91a8b2-61{align-self:auto;}.kt-inner-column-height-full:not(.kt-has-1-columns) > .wp-block-kadence-column.kadence-column16_91a8b2-61 > .kt-inside-inner-col{flex-direction:column;justify-content:center;}.kadence-column16_91a8b2-61 > .kt-inside-inner-col{background-image:url('https:\/\/beauty-profs.com\/wp-content\/uploads\/2025\/12\/O3A0084-min.jpg');background-size:cover;background-position:48% 27%;background-attachment:scroll;background-repeat:no-repeat;}.kadence-column16_91a8b2-61 > .kt-inside-inner-col:before{opacity:0.44;background-color:#000000;}.kadence-column16_91a8b2-61{position:relative;}@media all and (max-width: 1024px){.kadence-column16_91a8b2-61 > .kt-inside-inner-col{min-height:40vh;flex-direction:column;justify-content:center;}}@media all and (max-width: 1024px){.kt-row-column-wrap > .kadence-column16_91a8b2-61{align-self:center;}}@media all and (max-width: 1024px){.kt-inner-column-height-full:not(.kt-has-1-columns) > .wp-block-kadence-column.kadence-column16_91a8b2-61{align-self:auto;}}@media all and (max-width: 1024px){.kt-inner-column-height-full:not(.kt-has-1-columns) > .wp-block-kadence-column.kadence-column16_91a8b2-61 > .kt-inside-inner-col{flex-direction:column;justify-content:center;}}@media all and (max-width: 767px){.kadence-column16_91a8b2-61 > .kt-inside-inner-col{min-height:40vh;flex-direction:column;justify-content:center;}.kt-row-column-wrap > .kadence-column16_91a8b2-61{align-self:center;}.kt-inner-column-height-full:not(.kt-has-1-columns) > .wp-block-kadence-column.kadence-column16_91a8b2-61{align-self:auto;}.kt-inner-column-height-full:not(.kt-has-1-columns) > .wp-block-kadence-column.kadence-column16_91a8b2-61 > .kt-inside-inner-col{flex-direction:column;justify-content:center;}}<\/style>\n<div class=\"wp-block-kadence-column kadence-column16_91a8b2-61 kb-section-has-overlay hero-section\"><div class=\"kt-inside-inner-col\"><style>.kadence-column16_43b9ea-cc > .kt-inside-inner-col{display:flex;}.kadence-column16_43b9ea-cc > .kt-inside-inner-col{padding-top:var(--global-kb-spacing-5xl, 10rem);}.kadence-column16_43b9ea-cc > .kt-inside-inner-col,.kadence-column16_43b9ea-cc > .kt-inside-inner-col:before{border-top-left-radius:0px;border-top-right-radius:0px;border-bottom-right-radius:0px;border-bottom-left-radius:0px;}.kadence-column16_43b9ea-cc > .kt-inside-inner-col{column-gap:var(--global-kb-gap-sm, 1rem);}.kadence-column16_43b9ea-cc > .kt-inside-inner-col{flex-direction:column;justify-content:center;align-items:flex-start;}.kadence-column16_43b9ea-cc > .kt-inside-inner-col > .kb-image-is-ratio-size{align-self:stretch;}.kadence-column16_43b9ea-cc > .kt-inside-inner-col > .wp-block-kadence-advancedgallery{align-self:stretch;}.kadence-column16_43b9ea-cc > .kt-inside-inner-col > .aligncenter{width:100%;}.kt-row-column-wrap > .kadence-column16_43b9ea-cc{align-self:center;}.kt-inner-column-height-full:not(.kt-has-1-columns) > .wp-block-kadence-column.kadence-column16_43b9ea-cc{align-self:auto;}.kt-inner-column-height-full:not(.kt-has-1-columns) > .wp-block-kadence-column.kadence-column16_43b9ea-cc > .kt-inside-inner-col{flex-direction:column;justify-content:center;}.kadence-column16_43b9ea-cc > .kt-inside-inner-col:before{opacity:0.3;}.kadence-column16_43b9ea-cc{position:relative;}@media all and (max-width: 1024px){.kadence-column16_43b9ea-cc > .kt-inside-inner-col{padding-top:var(--global-kb-spacing-4xl, 8rem);flex-direction:column;justify-content:center;align-items:flex-start;}}@media all and (max-width: 1024px){.kt-row-column-wrap > .kadence-column16_43b9ea-cc{align-self:center;}}@media all and (max-width: 1024px){.kt-inner-column-height-full:not(.kt-has-1-columns) > .wp-block-kadence-column.kadence-column16_43b9ea-cc{align-self:auto;}}@media all and (max-width: 1024px){.kt-inner-column-height-full:not(.kt-has-1-columns) > .wp-block-kadence-column.kadence-column16_43b9ea-cc > .kt-inside-inner-col{flex-direction:column;justify-content:center;}}@media all and (max-width: 767px){.kadence-column16_43b9ea-cc > .kt-inside-inner-col{padding-top:var(--global-kb-spacing-3xl, 6.5rem);flex-direction:column;justify-content:center;align-items:flex-start;}.kt-row-column-wrap > .kadence-column16_43b9ea-cc{align-self:center;}.kt-inner-column-height-full:not(.kt-has-1-columns) > .wp-block-kadence-column.kadence-column16_43b9ea-cc{align-self:auto;}.kt-inner-column-height-full:not(.kt-has-1-columns) > .wp-block-kadence-column.kadence-column16_43b9ea-cc > .kt-inside-inner-col{flex-direction:column;justify-content:center;}}<\/style>\n<div class=\"wp-block-kadence-column kadence-column16_43b9ea-cc alignwide\"><div class=\"kt-inside-inner-col\"><style>.wp-block-kadence-advancedheading.kt-adv-heading16_adfc27-1b, .wp-block-kadence-advancedheading.kt-adv-heading16_adfc27-1b[data-kb-block=\"kb-adv-heading16_adfc27-1b\"]{padding-top:0px;padding-bottom:0px;margin-top:0px;margin-bottom:0px;text-align:left;font-size:var(--global-kb-font-size-xxxl, 5rem);line-height:1;font-weight:500;font-style:normal;font-family:Poppins;color:#ffffff;}.wp-block-kadence-advancedheading.kt-adv-heading16_adfc27-1b mark.kt-highlight, .wp-block-kadence-advancedheading.kt-adv-heading16_adfc27-1b[data-kb-block=\"kb-adv-heading16_adfc27-1b\"] mark.kt-highlight{font-family:Poppins;font-weight:700;font-style:normal;color:#ffffff;background-image:linear-gradient(135deg,rgb(159,87,150) 0%,rgb(74,26,81) 100%);-webkit-box-decoration-break:clone;box-decoration-break:clone;padding-top:0px;padding-right:0px;padding-bottom:0px;padding-left:0px;}@media all and (max-width: 767px){.wp-block-kadence-advancedheading.kt-adv-heading16_adfc27-1b, .wp-block-kadence-advancedheading.kt-adv-heading16_adfc27-1b[data-kb-block=\"kb-adv-heading16_adfc27-1b\"]{font-size:var(--global-kb-font-size-xxl, 4rem);}}<\/style>\n<h2 class=\"kt-adv-heading16_adfc27-1b no-style wp-block-kadence-advancedheading\" data-kb-block=\"kb-adv-heading16_adfc27-1b\">Nous<mark true=\"true\" class=\"kt-highlight\">contacter<\/mark><br><\/h2>\n<\/div><\/div>\n<\/div><\/div>\n\n\n<style>.kadence-column16_954694-2a > .kt-inside-inner-col,.kadence-column16_954694-2a > .kt-inside-inner-col:before{border-top-left-radius:0px;border-top-right-radius:0px;border-bottom-right-radius:0px;border-bottom-left-radius:0px;}.kadence-column16_954694-2a > .kt-inside-inner-col{column-gap:var(--global-kb-gap-sm, 1rem);}.kadence-column16_954694-2a > .kt-inside-inner-col{flex-direction:column;}.kadence-column16_954694-2a > .kt-inside-inner-col > .aligncenter{width:100%;}.kadence-column16_954694-2a > .kt-inside-inner-col:before{opacity:0.3;}.kadence-column16_954694-2a{position:relative;}@media all and (max-width: 1024px){.kadence-column16_954694-2a > .kt-inside-inner-col{flex-direction:column;justify-content:center;}}@media all and (max-width: 767px){.kadence-column16_954694-2a > .kt-inside-inner-col{flex-direction:column;justify-content:center;}}<\/style>\n<div class=\"wp-block-kadence-column kadence-column16_954694-2a\"><div class=\"kt-inside-inner-col\"><style>.kadence-column16_89e725-fe > .kt-inside-inner-col{padding-top:0px;}.kadence-column16_89e725-fe > .kt-inside-inner-col,.kadence-column16_89e725-fe > .kt-inside-inner-col:before{border-top-left-radius:0px;border-top-right-radius:0px;border-bottom-right-radius:0px;border-bottom-left-radius:0px;}.kadence-column16_89e725-fe > .kt-inside-inner-col{column-gap:var(--global-kb-gap-sm, 1rem);}.kadence-column16_89e725-fe > .kt-inside-inner-col{flex-direction:column;}.kadence-column16_89e725-fe > .kt-inside-inner-col > .aligncenter{width:100%;}.kadence-column16_89e725-fe > .kt-inside-inner-col:before{opacity:0.3;}.kadence-column16_89e725-fe{position:relative;}@media all and (max-width: 1024px){.kadence-column16_89e725-fe > .kt-inside-inner-col{flex-direction:column;justify-content:center;}}@media all and (max-width: 767px){.kadence-column16_89e725-fe > .kt-inside-inner-col{flex-direction:column;justify-content:center;}}<\/style>\n<div class=\"wp-block-kadence-column kadence-column16_89e725-fe\"><div class=\"kt-inside-inner-col\"><style>.kb-row-layout-id16_9f38b5-61 > .kt-row-column-wrap{align-content:start;}:where(.kb-row-layout-id16_9f38b5-61 > .kt-row-column-wrap) > .wp-block-kadence-column{justify-content:start;}.kb-row-layout-id16_9f38b5-61 > .kt-row-column-wrap{column-gap:var(--global-kb-gap-md, 2rem);row-gap:var(--global-kb-gap-md, 2rem);grid-template-columns:minmax(0, calc(60% - ((var(--global-kb-gap-md, 2rem) * 1 )\/2)))minmax(0, calc(40% - ((var(--global-kb-gap-md, 2rem) * 1 )\/2)));}.kb-row-layout-id16_9f38b5-61 > .kt-row-layout-overlay{opacity:0.30;}@media all and (max-width: 1024px){.kb-row-layout-id16_9f38b5-61 > .kt-row-column-wrap{grid-template-columns:minmax(0, 2fr) minmax(0, 1fr);}}@media all and (max-width: 767px){.kb-row-layout-id16_9f38b5-61 > .kt-row-column-wrap{row-gap:var(--global-kb-gap-none, 0rem );grid-template-columns:minmax(0, 1fr);}.kb-row-layout-id16_9f38b5-61 > .kt-row-column-wrap > .wp-block-kadence-column:nth-child(1 of *:not(style)){order:2;}.kb-row-layout-id16_9f38b5-61 > .kt-row-column-wrap > .wp-block-kadence-column:nth-child(2 of *:not(style)){order:1;}.kb-row-layout-id16_9f38b5-61 > .kt-row-column-wrap > .wp-block-kadence-column:nth-child(3 of *:not(style)){order:12;}.kb-row-layout-id16_9f38b5-61 > .kt-row-column-wrap > .wp-block-kadence-column:nth-child(4 of *:not(style)){order:11;}.kb-row-layout-id16_9f38b5-61 > .kt-row-column-wrap > .wp-block-kadence-column:nth-child(5 of *:not(style)){order:22;}.kb-row-layout-id16_9f38b5-61 > .kt-row-column-wrap > .wp-block-kadence-column:nth-child(6 of *:not(style)){order:21;}.kb-row-layout-id16_9f38b5-61 > .kt-row-column-wrap > .wp-block-kadence-column:nth-child(7 of *:not(style)){order:32;}.kb-row-layout-id16_9f38b5-61 > .kt-row-column-wrap > .wp-block-kadence-column:nth-child(8 of *:not(style)){order:31;}}<\/style><div class=\"kb-row-layout-wrap kb-row-layout-id16_9f38b5-61 alignnone wp-block-kadence-rowlayout\"><div class=\"kt-row-column-wrap kt-has-2-columns kt-row-layout-left-golden kt-tab-layout-inherit kt-mobile-layout-row kt-row-valign-top\">\n<style>.kadence-column16_965f48-59 > .kt-inside-inner-col{padding-top:var(--global-kb-spacing-xxl, 5rem);padding-right:var(--global-kb-spacing-lg, 3rem);padding-bottom:var(--global-kb-spacing-xxl, 5rem);padding-left:var(--global-kb-spacing-4xl, 8rem);}.kadence-column16_965f48-59 > .kt-inside-inner-col,.kadence-column16_965f48-59 > .kt-inside-inner-col:before{border-top-left-radius:0px;border-top-right-radius:0px;border-bottom-right-radius:0px;border-bottom-left-radius:0px;}.kadence-column16_965f48-59 > .kt-inside-inner-col{column-gap:var(--global-kb-gap-sm, 1rem);}.kadence-column16_965f48-59 > .kt-inside-inner-col{flex-direction:column;}.kadence-column16_965f48-59 > .kt-inside-inner-col > .aligncenter{width:100%;}.kadence-column16_965f48-59 > .kt-inside-inner-col:before{opacity:0.3;}.kadence-column16_965f48-59{position:relative;}@media all and (max-width: 1024px){.kadence-column16_965f48-59 > .kt-inside-inner-col{padding-top:var(--global-kb-spacing-xl, 4rem);padding-right:0px;padding-bottom:var(--global-kb-spacing-xl, 4rem);padding-left:var(--global-kb-spacing-md, 2rem);flex-direction:column;justify-content:center;}}@media all and (max-width: 767px){.kadence-column16_965f48-59 > .kt-inside-inner-col{padding-top:var(--global-kb-spacing-lg, 3rem);padding-right:var(--global-kb-spacing-sm, 1.5rem);padding-bottom:var(--global-kb-spacing-md, 2rem);padding-left:var(--global-kb-spacing-sm, 1.5rem);flex-direction:column;justify-content:center;}}<\/style>\n<div class=\"wp-block-kadence-column kadence-column16_965f48-59\"><div class=\"kt-inside-inner-col\"><div class=\"frm_forms  with_frm_style frm_style_style-formidable\" id=\"frm_form_1_container\" >\n<form enctype=\"multipart\/form-data\" method=\"post\" class=\"frm-show-form\" id=\"form_contact-form\" action=\"\" >\n<div class=\"frm_form_fields\">\n<fieldset>\n<legend class=\"frm_screen_reader\">Contact Us<\/legend>\r\n\r\n<div class=\"frm_fields_container\">\n<input type=\"hidden\" name=\"frm_action\" value=\"create\" \/>\n<input type=\"hidden\" name=\"form_id\" value=\"1\" \/>\n<input type=\"hidden\" name=\"frm_hide_fields_1\" id=\"frm_hide_fields_1\" value=\"\" \/>\n<input type=\"hidden\" name=\"form_key\" value=\"contact-form\" \/>\n<input type=\"hidden\" name=\"item_meta[0]\" value=\"\" \/>\n<input type=\"hidden\" id=\"frm_submit_entry_1\" name=\"frm_submit_entry_1\" value=\"d5b3a3b04f\" \/><input type=\"hidden\" name=\"_wp_http_referer\" value=\"\/en\/wp-json\/wp\/v2\/pages\/16\" \/><div id=\"frm_field_1_container\" class=\"frm_form_field form-field  frm_required_field frm_top_container frm6 frm_first\">\r\n\t<label for=\"field_qh4icy\" id=\"field_qh4icy_label\" class=\"frm_primary_label\">Nom et pr\u00e9nom\r\n\t\t<span class=\"frm_required\" aria-hidden=\"true\">*<\/span>\r\n\t<\/label>\r\n\t<input type=\"text\" id=\"field_qh4icy\" name=\"item_meta[1]\" value=\"\"  data-reqmsg=\"Nom et pr\u00e9nom ne peut pas \u00eatre vide.\" aria-required=\"true\" data-invmsg=\"Nom et pr\u00e9nom est non valide\" aria-invalid=\"false\"  \/>\r\n\t\r\n\t\r\n<\/div>\n<div id=\"frm_field_10_container\" class=\"frm_form_field form-field  frm_required_field frm_top_container frm6\">\n\t<label for=\"field_3tiv0\" id=\"field_3tiv0_label\" class=\"frm_primary_label\">Soci\u00e9t\u00e9\n\t\t<span class=\"frm_required\" aria-hidden=\"true\">*<\/span>\n\t<\/label>\n\t<input type=\"text\" id=\"field_3tiv0\" name=\"item_meta[10]\" value=\"\"  data-reqmsg=\"Soci\u00e9t\u00e9 ne peut pas \u00eatre vide.\" aria-required=\"true\" data-invmsg=\"Soci\u00e9t\u00e9 est non valide\" aria-invalid=\"false\"  \/>\n\t\n\t\n<\/div>\n<div id=\"frm_field_9_container\" class=\"frm_form_field form-field  frm_required_field frm_top_container frm6 frm_first\">\r\n\t<label for=\"field_48im2\" id=\"field_48im2_label\" class=\"frm_primary_label\">Email\r\n\t\t<span class=\"frm_required\" aria-hidden=\"true\">*<\/span>\r\n\t<\/label>\r\n\t<input type=\"email\" id=\"field_48im2\" name=\"item_meta[9]\" value=\"\"  data-reqmsg=\"Email ne peut pas \u00eatre vide.\" aria-required=\"true\" data-invmsg=\"Please enter a valid email address\" aria-invalid=\"false\"  \/>\r\n\t\r\n\t\r\n<\/div>\n<div id=\"frm_field_7_container\" class=\"frm_form_field form-field  frm_required_field frm_top_container frm6\">\n\t<label for=\"field_p4zhd\" id=\"field_p4zhd_label\" class=\"frm_primary_label\">T\u00e9l\u00e9phone\n\t\t<span class=\"frm_required\" aria-hidden=\"true\">*<\/span>\n\t<\/label>\n\t<input type=\"tel\" id=\"field_p4zhd\" name=\"item_meta[7]\" value=\"\"  data-reqmsg=\"T\u00e9l\u00e9phone ne peut pas \u00eatre vide.\" aria-required=\"true\" data-invmsg=\"T\u00e9l\u00e9phone est non valide\" aria-invalid=\"false\" pattern=\"((\\+\\d{1,3}(-|.| )?\\(?\\d\\)?(-| |.)?\\d{1,5})|(\\(?\\d{2,6}\\)?))(-|.| )?(\\d{3,4})(-|.| )?(\\d{4})(( x| ext)\\d{1,5}){0,1}$\"  \/>\n\t\n\t\n<\/div>\n<div id=\"frm_field_8_container\" class=\"frm_form_field form-field  frm_top_container\">\n\t<label for=\"field_ult1e\" id=\"field_ult1e_label\" class=\"frm_primary_label\">Cat\u00e9gorie\n\t\t<span class=\"frm_required\" aria-hidden=\"true\"><\/span>\n\t<\/label>\n\t\t\t<select name=\"item_meta[8]\" id=\"field_ult1e\"  data-invmsg=\"Cat\u00e9gorie est non valide\" aria-invalid=\"false\"  >\n\t\t<option  value=\"Exposant\">Exposant<\/option><option  value=\"Visiteur\">Visiteur<\/option><option  value=\"Comp\u00e9titeur\">Comp\u00e9titeur<\/option>\t<\/select>\n\t\n\t\n\t\n<\/div>\n<div id=\"frm_field_5_container\" class=\"frm_form_field form-field  frm_required_field frm_top_container frm_full\">\r\n\t<label for=\"field_9jv0r1\" id=\"field_9jv0r1_label\" class=\"frm_primary_label\">Message\r\n\t\t<span class=\"frm_required\" aria-hidden=\"true\">*<\/span>\r\n\t<\/label>\r\n\t<textarea name=\"item_meta[5]\" id=\"field_9jv0r1\" rows=\"5\"  data-reqmsg=\"Message ne peut pas \u00eatre vide.\" aria-required=\"true\" data-invmsg=\"Message is invalid\" aria-invalid=\"false\"  ><\/textarea>\r\n\t\r\n\t\r\n<\/div>\n<div id=\"frm_field_6_container\" class=\"frm_form_field form-field\">\r\n\t<div class=\"frm_submit frm_flex\">\r\n<button class=\"frm_button_submit\" type=\"submit\"  >Envoyer<\/button>\r\n\r\n\r\n\r\n<\/div>\r\n<\/div>\n\t<input type=\"hidden\" name=\"item_key\" value=\"\" \/>\n\t\t\t<div id=\"frm_field_19_container\">\n\t\t\t<label for=\"field_qyekd\" >\n\t\t\t\tIf you are human, leave this field blank.\t\t\t<\/label>\n\t\t\t<input  id=\"field_qyekd\" type=\"text\" class=\"frm_form_field form-field frm_verify\" name=\"item_meta[19]\" value=\"\"  \/>\n\t\t<\/div>\n\t\t<input name=\"frm_state\" type=\"hidden\" value=\"HT69OxvdT3mO0QYUh9klnEn\/RAd6Y++2uXKD31TJYEc=\" \/><\/div>\n<\/fieldset>\n<\/div>\n\n<input type=\"hidden\" name=\"trp-form-language\" value=\"en\"\/><\/form>\n<\/div>\n\n<\/div><\/div>\n\n\n<style>.kadence-column16_046a83-eb > .kt-inside-inner-col{padding-top:var(--global-kb-spacing-xxl, 5rem);padding-right:var(--global-kb-spacing-3xl, 6.5rem);padding-bottom:var(--global-kb-spacing-xxl, 5rem);padding-left:var(--global-kb-spacing-lg, 3rem);}.kadence-column16_046a83-eb > .kt-inside-inner-col,.kadence-column16_046a83-eb > .kt-inside-inner-col:before{border-top-left-radius:0px;border-top-right-radius:0px;border-bottom-right-radius:0px;border-bottom-left-radius:0px;}.kadence-column16_046a83-eb > .kt-inside-inner-col{column-gap:var(--global-kb-gap-sm, 1rem);}.kadence-column16_046a83-eb > .kt-inside-inner-col{flex-direction:column;}.kadence-column16_046a83-eb > .kt-inside-inner-col > .aligncenter{width:100%;}.kadence-column16_046a83-eb > .kt-inside-inner-col{background-image:linear-gradient(158deg,rgb(75,27,82) 0%,rgb(147,78,138) 99%);}.kadence-column16_046a83-eb > .kt-inside-inner-col:before{opacity:0.3;}.kadence-column16_046a83-eb{position:relative;}@media all and (max-width: 1024px){.kadence-column16_046a83-eb > .kt-inside-inner-col{padding-top:var(--global-kb-spacing-xl, 4rem);padding-right:var(--global-kb-spacing-md, 2rem);padding-bottom:var(--global-kb-spacing-xl, 4rem);padding-left:var(--global-kb-spacing-md, 2rem);flex-direction:column;justify-content:center;}}@media all and (max-width: 767px){.kadence-column16_046a83-eb > .kt-inside-inner-col{padding-top:var(--global-kb-spacing-lg, 3rem);padding-right:var(--global-kb-spacing-sm, 1.5rem);padding-bottom:var(--global-kb-spacing-lg, 3rem);padding-left:var(--global-kb-spacing-sm, 1.5rem);flex-direction:column;justify-content:center;}}<\/style>\n<div class=\"wp-block-kadence-column kadence-column16_046a83-eb h100\"><div class=\"kt-inside-inner-col\"><style>.wp-block-kadence-advancedheading.kt-adv-heading16_2c3db3-4b, .wp-block-kadence-advancedheading.kt-adv-heading16_2c3db3-4b[data-kb-block=\"kb-adv-heading16_2c3db3-4b\"]{font-weight:600;font-style:normal;font-family:Poppins;color:#f5f6f8;}.wp-block-kadence-advancedheading.kt-adv-heading16_2c3db3-4b mark.kt-highlight, .wp-block-kadence-advancedheading.kt-adv-heading16_2c3db3-4b[data-kb-block=\"kb-adv-heading16_2c3db3-4b\"] mark.kt-highlight{font-style:normal;color:#f76a0c;-webkit-box-decoration-break:clone;box-decoration-break:clone;padding-top:0px;padding-right:0px;padding-bottom:0px;padding-left:0px;}<\/style>\n<h2 class=\"kt-adv-heading16_2c3db3-4b wp-block-kadence-advancedheading\" data-kb-block=\"kb-adv-heading16_2c3db3-4b\">Vous avez un message ou une question ?<\/h2>\n\n\n\n<p class=\"has-light-color has-text-color has-link-color wp-elements-24f84d94f21c74c2855dd3965bbaba4f\">Visiteurs, exposants, comp\u00e9titeurs : n&rsquo;h\u00e9sitez pas \u00e0 nous laisser un message, notre \u00e9quipe vous r\u00e9pond dans les meilleurs d\u00e9lais !<\/p>\n<\/div><\/div>\n\n<\/div><\/div><\/div><\/div>\n<\/div><\/div>","protected":false},"excerpt":{"rendered":"<p>Nouscontacter Vous avez un message ou une question ? Visiteurs, exposants, comp\u00e9titeurs : n&rsquo;h\u00e9sitez pas \u00e0 nous laisser un message, notre \u00e9quipe vous r\u00e9pond dans les meilleurs d\u00e9lais !<\/p>","protected":false},"author":1,"featured_media":0,"parent":0,"menu_order":0,"comment_status":"closed","ping_status":"closed","template":"","meta":{"_acf_changed":false,"_price":"","_stock":"","_tribe_ticket_header":"","_tribe_default_ticket_provider":"","_tribe_ticket_capacity":"0","_ticket_start_date":"","_ticket_end_date":"","_tribe_ticket_show_description":"","_tribe_ticket_show_not_going":false,"_tribe_ticket_use_global_stock":"","_tribe_ticket_global_stock_level":"","_global_stock_mode":"","_global_stock_cap":"","_tribe_rsvp_for_event":"","_tribe_ticket_going_count":"","_tribe_ticket_not_going_count":"","_tribe_tickets_list":"[]","_tribe_ticket_has_attendee_info_fields":false,"footnotes":"","_tec_slr_enabled":"","_tec_slr_layout":""},"class_list":["post-16","page","type-page","status-publish","hentry"],"acf":[],"ticketed":false,"_links":{"self":[{"href":"https:\/\/beauty-profs.com\/en\/wp-json\/wp\/v2\/pages\/16","targetHints":{"allow":["GET"]}}],"collection":[{"href":"https:\/\/beauty-profs.com\/en\/wp-json\/wp\/v2\/pages"}],"about":[{"href":"https:\/\/beauty-profs.com\/en\/wp-json\/wp\/v2\/types\/page"}],"author":[{"embeddable":true,"href":"https:\/\/beauty-profs.com\/en\/wp-json\/wp\/v2\/users\/1"}],"replies":[{"embeddable":true,"href":"https:\/\/beauty-profs.com\/en\/wp-json\/wp\/v2\/comments?post=16"}],"version-history":[{"count":53,"href":"https:\/\/beauty-profs.com\/en\/wp-json\/wp\/v2\/pages\/16\/revisions"}],"predecessor-version":[{"id":10892,"href":"https:\/\/beauty-profs.com\/en\/wp-json\/wp\/v2\/pages\/16\/revisions\/10892"}],"wp:attachment":[{"href":"https:\/\/beauty-profs.com\/en\/wp-json\/wp\/v2\/media?parent=16"}],"curies":[{"name":"wp","href":"https:\/\/api.w.org\/{rel}","templated":true}]}}