{"id":625,"date":"2025-12-06T10:49:26","date_gmt":"2025-12-06T09:49:26","guid":{"rendered":"https:\/\/beauty-profs.com\/?page_id=625"},"modified":"2025-12-11T10:25:43","modified_gmt":"2025-12-11T09:25:43","slug":"mentions-legales","status":"publish","type":"page","link":"https:\/\/beauty-profs.com\/en\/mentions-legales\/","title":{"rendered":"Mentions l\u00e9gales"},"content":{"rendered":"<style>.kadence-column625_cd7474-81 > .kt-inside-inner-col{display:flex;}.kadence-column625_cd7474-81 > .kt-inside-inner-col{min-height:60vh;}.kadence-column625_cd7474-81 > .kt-inside-inner-col,.kadence-column625_cd7474-81 > .kt-inside-inner-col:before{border-top-left-radius:0px;border-top-right-radius:0px;border-bottom-right-radius:0px;border-bottom-left-radius:0px;}.kadence-column625_cd7474-81 > .kt-inside-inner-col{column-gap:var(--global-kb-gap-sm, 1rem);}.kadence-column625_cd7474-81 > .kt-inside-inner-col{flex-direction:column;justify-content:center;}.kadence-column625_cd7474-81 > .kt-inside-inner-col > .aligncenter{width:100%;}.kt-row-column-wrap > .kadence-column625_cd7474-81{align-self:center;}.kt-inner-column-height-full:not(.kt-has-1-columns) > .wp-block-kadence-column.kadence-column625_cd7474-81{align-self:auto;}.kt-inner-column-height-full:not(.kt-has-1-columns) > .wp-block-kadence-column.kadence-column625_cd7474-81 > .kt-inside-inner-col{flex-direction:column;justify-content:center;}.kadence-column625_cd7474-81 > .kt-inside-inner-col{background-image:url('https:\/\/beauty-profs.com\/wp-content\/uploads\/2025\/12\/O3A0084-min.jpg');background-size:cover;background-position:48% 27%;background-attachment:scroll;background-repeat:no-repeat;}.kadence-column625_cd7474-81 > .kt-inside-inner-col:before{opacity:0.44;background-color:#000000;}.kadence-column625_cd7474-81{position:relative;}@media all and (max-width: 1024px){.kadence-column625_cd7474-81 > .kt-inside-inner-col{min-height:40vh;flex-direction:column;justify-content:center;}}@media all and (max-width: 1024px){.kt-row-column-wrap > .kadence-column625_cd7474-81{align-self:center;}}@media all and (max-width: 1024px){.kt-inner-column-height-full:not(.kt-has-1-columns) > .wp-block-kadence-column.kadence-column625_cd7474-81{align-self:auto;}}@media all and (max-width: 1024px){.kt-inner-column-height-full:not(.kt-has-1-columns) > .wp-block-kadence-column.kadence-column625_cd7474-81 > .kt-inside-inner-col{flex-direction:column;justify-content:center;}}@media all and (max-width: 767px){.kadence-column625_cd7474-81 > .kt-inside-inner-col{min-height:40vh;flex-direction:column;justify-content:center;}.kt-row-column-wrap > .kadence-column625_cd7474-81{align-self:center;}.kt-inner-column-height-full:not(.kt-has-1-columns) > .wp-block-kadence-column.kadence-column625_cd7474-81{align-self:auto;}.kt-inner-column-height-full:not(.kt-has-1-columns) > .wp-block-kadence-column.kadence-column625_cd7474-81 > .kt-inside-inner-col{flex-direction:column;justify-content:center;}}<\/style>\n<div class=\"wp-block-kadence-column kadence-column625_cd7474-81 kb-section-has-overlay hero-section\"><div class=\"kt-inside-inner-col\"><style>.kadence-column625_774c6a-e2 > .kt-inside-inner-col{display:flex;}.kadence-column625_774c6a-e2 > .kt-inside-inner-col{padding-top:var(--global-kb-spacing-5xl, 10rem);}.kadence-column625_774c6a-e2 > .kt-inside-inner-col,.kadence-column625_774c6a-e2 > .kt-inside-inner-col:before{border-top-left-radius:0px;border-top-right-radius:0px;border-bottom-right-radius:0px;border-bottom-left-radius:0px;}.kadence-column625_774c6a-e2 > .kt-inside-inner-col{column-gap:var(--global-kb-gap-sm, 1rem);}.kadence-column625_774c6a-e2 > .kt-inside-inner-col{flex-direction:column;justify-content:center;align-items:flex-start;}.kadence-column625_774c6a-e2 > .kt-inside-inner-col > .kb-image-is-ratio-size{align-self:stretch;}.kadence-column625_774c6a-e2 > .kt-inside-inner-col > .wp-block-kadence-advancedgallery{align-self:stretch;}.kadence-column625_774c6a-e2 > .kt-inside-inner-col > .aligncenter{width:100%;}.kt-row-column-wrap > .kadence-column625_774c6a-e2{align-self:center;}.kt-inner-column-height-full:not(.kt-has-1-columns) > .wp-block-kadence-column.kadence-column625_774c6a-e2{align-self:auto;}.kt-inner-column-height-full:not(.kt-has-1-columns) > .wp-block-kadence-column.kadence-column625_774c6a-e2 > .kt-inside-inner-col{flex-direction:column;justify-content:center;}.kadence-column625_774c6a-e2 > .kt-inside-inner-col:before{opacity:0.3;}.kadence-column625_774c6a-e2{position:relative;}@media all and (max-width: 1024px){.kadence-column625_774c6a-e2 > .kt-inside-inner-col{padding-top:var(--global-kb-spacing-4xl, 8rem);flex-direction:column;justify-content:center;align-items:flex-start;}}@media all and (max-width: 1024px){.kt-row-column-wrap > .kadence-column625_774c6a-e2{align-self:center;}}@media all and (max-width: 1024px){.kt-inner-column-height-full:not(.kt-has-1-columns) > .wp-block-kadence-column.kadence-column625_774c6a-e2{align-self:auto;}}@media all and (max-width: 1024px){.kt-inner-column-height-full:not(.kt-has-1-columns) > .wp-block-kadence-column.kadence-column625_774c6a-e2 > .kt-inside-inner-col{flex-direction:column;justify-content:center;}}@media all and (max-width: 767px){.kadence-column625_774c6a-e2 > .kt-inside-inner-col{padding-top:var(--global-kb-spacing-3xl, 6.5rem);flex-direction:column;justify-content:center;align-items:flex-start;}.kt-row-column-wrap > .kadence-column625_774c6a-e2{align-self:center;}.kt-inner-column-height-full:not(.kt-has-1-columns) > .wp-block-kadence-column.kadence-column625_774c6a-e2{align-self:auto;}.kt-inner-column-height-full:not(.kt-has-1-columns) > .wp-block-kadence-column.kadence-column625_774c6a-e2 > .kt-inside-inner-col{flex-direction:column;justify-content:center;}}<\/style>\n<div class=\"wp-block-kadence-column kadence-column625_774c6a-e2 alignwide\"><div class=\"kt-inside-inner-col\"><style>.wp-block-kadence-advancedheading.kt-adv-heading625_b7787d-d0, .wp-block-kadence-advancedheading.kt-adv-heading625_b7787d-d0[data-kb-block=\"kb-adv-heading625_b7787d-d0\"]{padding-top:0px;padding-bottom:0px;margin-top:0px;margin-bottom:0px;text-align:left;font-size:var(--global-kb-font-size-xxxl, 5rem);line-height:1;font-weight:500;font-style:normal;font-family:Poppins;color:#ffffff;}.wp-block-kadence-advancedheading.kt-adv-heading625_b7787d-d0 mark.kt-highlight, .wp-block-kadence-advancedheading.kt-adv-heading625_b7787d-d0[data-kb-block=\"kb-adv-heading625_b7787d-d0\"] mark.kt-highlight{font-family:Poppins;font-weight:700;font-style:normal;color:#ffffff;background-image:linear-gradient(135deg,rgb(159,87,150) 0%,rgb(74,26,81) 100%);-webkit-box-decoration-break:clone;box-decoration-break:clone;padding-top:0px;padding-right:0px;padding-bottom:0px;padding-left:0px;}@media all and (max-width: 767px){.wp-block-kadence-advancedheading.kt-adv-heading625_b7787d-d0, .wp-block-kadence-advancedheading.kt-adv-heading625_b7787d-d0[data-kb-block=\"kb-adv-heading625_b7787d-d0\"]{font-size:var(--global-kb-font-size-xxl, 4rem);}}<\/style>\n<h2 class=\"kt-adv-heading625_b7787d-d0 no-style wp-block-kadence-advancedheading\" data-kb-block=\"kb-adv-heading625_b7787d-d0\">Mentions<mark true=\"true\" class=\"kt-highlight\">l\u00e9gales<\/mark><br><\/h2>\n<\/div><\/div>\n<\/div><\/div>\n\n\n<style>.kadence-column625_59b3a3-fd > .kt-inside-inner-col{padding-top:var(--global-kb-spacing-xxl, 5rem);padding-bottom:var(--global-kb-spacing-xxl, 5rem);}.kadence-column625_59b3a3-fd > .kt-inside-inner-col,.kadence-column625_59b3a3-fd > .kt-inside-inner-col:before{border-top-left-radius:0px;border-top-right-radius:0px;border-bottom-right-radius:0px;border-bottom-left-radius:0px;}.kadence-column625_59b3a3-fd > .kt-inside-inner-col{column-gap:var(--global-kb-gap-sm, 1rem);}.kadence-column625_59b3a3-fd > .kt-inside-inner-col{flex-direction:column;}.kadence-column625_59b3a3-fd > .kt-inside-inner-col > .aligncenter{width:100%;}.kadence-column625_59b3a3-fd > .kt-inside-inner-col:before{opacity:0.3;}.kadence-column625_59b3a3-fd{position:relative;}@media all and (max-width: 1024px){.kadence-column625_59b3a3-fd > .kt-inside-inner-col{padding-top:var(--global-kb-spacing-xl, 4rem);padding-bottom:var(--global-kb-spacing-xl, 4rem);flex-direction:column;justify-content:center;}}@media all and (max-width: 767px){.kadence-column625_59b3a3-fd > .kt-inside-inner-col{padding-top:var(--global-kb-spacing-lg, 3rem);padding-bottom:var(--global-kb-spacing-lg, 3rem);flex-direction:column;justify-content:center;}}<\/style>\n<div class=\"wp-block-kadence-column kadence-column625_59b3a3-fd\"><div class=\"kt-inside-inner-col\"><style>.kadence-column625_e6f4c0-85 > .kt-inside-inner-col,.kadence-column625_e6f4c0-85 > .kt-inside-inner-col:before{border-top-left-radius:0px;border-top-right-radius:0px;border-bottom-right-radius:0px;border-bottom-left-radius:0px;}.kadence-column625_e6f4c0-85 > .kt-inside-inner-col{column-gap:var(--global-kb-gap-sm, 1rem);}.kadence-column625_e6f4c0-85 > .kt-inside-inner-col{flex-direction:column;}.kadence-column625_e6f4c0-85 > .kt-inside-inner-col > .aligncenter{width:100%;}.kadence-column625_e6f4c0-85 > .kt-inside-inner-col:before{opacity:0.3;}.kadence-column625_e6f4c0-85{position:relative;}@media all and (max-width: 1024px){.kadence-column625_e6f4c0-85 > .kt-inside-inner-col{flex-direction:column;justify-content:center;}}@media all and (max-width: 767px){.kadence-column625_e6f4c0-85 > .kt-inside-inner-col{flex-direction:column;justify-content:center;}}<\/style>\n<div class=\"wp-block-kadence-column kadence-column625_e6f4c0-85 alignfull\"><div class=\"kt-inside-inner-col\">\n<p><\/p>\n\n\n\n<ol class=\"wp-block-list\">\n<li><strong>\u00c9DITEUR DU SITE<\/strong><\/li>\n<\/ol>\n\n\n\n<p>Le pr\u00e9sent site est \u00e9dit\u00e9 par :<br>ALTHEA<br>Soci\u00e9t\u00e9 par Actions Simplifi\u00e9e (SAS) au capital social de 20 000 \u20ac<br>Si\u00e8ge social : 300 Chemin du Gouletier, 34270 Saint-Mathieu-de-Tr\u00e9viers, France<br>SIRET : 509 131 496 00028<br>RCS : 509 131 496 \u2013 R.C.S. Montpellier<\/p>\n\n\n\n<p>Repr\u00e9sentation l\u00e9gale :<br>\u2013 Nicolas Florent, Pr\u00e9sident<br>\u2013 Carole Florent, Directrice G\u00e9n\u00e9rale<\/p>\n\n\n\n<p>Contact \u00e9diteur : <a>contact@beauty-profs.com<\/a><\/p>\n\n\n\n<p><\/p>\n\n\n\n<ol start=\"2\" class=\"wp-block-list\">\n<li><strong>H\u00c9BERGEMENT DU SITE<\/strong><\/li>\n<\/ol>\n\n\n\n<p>Le site BeautyProfs est h\u00e9berg\u00e9 par :<br>Kinsta Inc.<br>8605 Santa Monica Blvd, #92581, West Hollywood, CA 90069, \u00c9tats-Unis<br>Site : <a href=\"https:\/\/kinsta.com?utm_source=chatgpt.com\">https:\/\/kinsta.com<\/a><br>Email : <a>legal@kinsta.com<\/a><br>Support technique via l\u2019espace client MyKinsta.<\/p>\n\n\n\n<p><\/p>\n\n\n\n<ol start=\"3\" class=\"wp-block-list\">\n<li><strong>ACTIVIT\u00c9S<\/strong><\/li>\n<\/ol>\n\n\n\n<p>BeautyProfs est sp\u00e9cialis\u00e9 dans :<br>\u2013 l\u2019organisation de salons professionnels d\u00e9di\u00e9s \u00e0 l\u2019esth\u00e9tique ;<br>\u2013 l\u2019\u00e9dition d\u2019un magazine digital professionnel ;<br>\u2013 la mise \u00e0 disposition d\u2019une plateforme de formation en ligne d\u00e9di\u00e9e aux m\u00e9tiers de la beaut\u00e9.<\/p>\n\n\n\n<p><\/p>\n\n\n\n<ol start=\"4\" class=\"wp-block-list\">\n<li><strong>DONN\u00c9ES PERSONNELLES \u2013 RGPD<\/strong><\/li>\n<\/ol>\n\n\n\n<p>Le site peut collecter des donn\u00e9es personnelles via :<br>\u2013 formulaires de contact ;<br>\u2013 formulaires d\u2019inscription aux salons ;<br>\u2013 inscription \u00e0 la newsletter ;<br>\u2013 outils d\u2019analyse ou de suivi (Google Analytics, Meta Pixel, etc.).<\/p>\n\n\n\n<p>Responsable du traitement : ALTHEA.<\/p>\n\n\n\n<p>Finalit\u00e9s des traitements :<br>\u2013 gestion des demandes via formulaires ;<br>\u2013 communication d\u2019informations li\u00e9es aux \u00e9v\u00e9nements, formations ou actualit\u00e9s ;<br>\u2013 mesure d\u2019audience et am\u00e9lioration du site ;<br>\u2013 gestion administrative et organisationnelle des salons et des services associ\u00e9s.<\/p>\n\n\n\n<p>Droits des utilisateurs :<br>Conform\u00e9ment au R\u00e8glement g\u00e9n\u00e9ral sur la protection des donn\u00e9es (RGPD) et \u00e0 la loi Informatique et Libert\u00e9s, vous disposez des droits suivants : droit d\u2019acc\u00e8s, de rectification, d\u2019opposition, d\u2019effacement, de limitation et de portabilit\u00e9 de vos donn\u00e9es.<\/p>\n\n\n\n<p>Pour exercer ces droits, vous pouvez contacter : <a>contact@beauty-profs.com<\/a><\/p>\n\n\n\n<p>Dur\u00e9e de conservation :<br>Les donn\u00e9es sont conserv\u00e9es pour une dur\u00e9e adapt\u00e9e aux finalit\u00e9s du traitement et conform\u00e9ment aux obligations l\u00e9gales.<\/p>\n\n\n\n<p><\/p>\n\n\n\n<ol start=\"5\" class=\"wp-block-list\">\n<li><strong>COOKIES<\/strong><\/li>\n<\/ol>\n\n\n\n<p>Le site peut d\u00e9poser des cookies techniques, analytiques et marketing.<\/p>\n\n\n\n<p>Lors de votre premi\u00e8re visite, un bandeau d\u2019information vous permet d\u2019accepter, de refuser ou de personnaliser les cookies d\u00e9pos\u00e9s sur votre terminal. Vous pouvez \u00e0 tout moment modifier vos pr\u00e9f\u00e9rences via les param\u00e8tres de votre navigateur ou les outils de gestion des cookies, le cas \u00e9ch\u00e9ant.<\/p>\n\n\n\n<p><\/p>\n\n\n\n<ol start=\"6\" class=\"wp-block-list\">\n<li><strong>PROPRI\u00c9T\u00c9 INTELLECTUELLE<\/strong><\/li>\n<\/ol>\n\n\n\n<p>L\u2019ensemble du contenu pr\u00e9sent sur le site (textes, images, vid\u00e9os, logos, \u00e9l\u00e9ments graphiques, mise en page, structure) est prot\u00e9g\u00e9 par la l\u00e9gislation en vigueur sur la propri\u00e9t\u00e9 intellectuelle et le droit d\u2019auteur.<\/p>\n\n\n\n<p>Toute reproduction, repr\u00e9sentation, modification, adaptation, diffusion ou exploitation, totale ou partielle, du site ou de l\u2019un de ses \u00e9l\u00e9ments, par quelque proc\u00e9d\u00e9 que ce soit, sans autorisation \u00e9crite pr\u00e9alable de l\u2019\u00e9diteur, est strictement interdite et pourrait constituer une contrefa\u00e7on au sens des articles L.335-2 et suivants du Code de la propri\u00e9t\u00e9 intellectuelle.<\/p>\n\n\n\n<p><\/p>\n\n\n\n<ol start=\"7\" class=\"wp-block-list\">\n<li><strong>CR\u00c9DITS<\/strong><\/li>\n<\/ol>\n\n\n\n<p>Site web con\u00e7u et r\u00e9alis\u00e9 par Adeline Pimp Ton Biz.<\/p>\n\n\n\n<p>Les photos, vid\u00e9os et \u00e9l\u00e9ments graphiques utilis\u00e9s sur le site sont la propri\u00e9t\u00e9 de BeautyProfs ou de leurs auteurs respectifs et sont utilis\u00e9s avec leur autorisation. Toute r\u00e9utilisation non autoris\u00e9e est interdite.<\/p>\n\n\n\n<p><\/p>\n\n\n\n<ol start=\"8\" class=\"wp-block-list\">\n<li><strong>CONDITIONS D\u2019UTILISATION<\/strong><\/li>\n<\/ol>\n\n\n\n<p>L\u2019utilisation du site implique l\u2019acceptation pleine et enti\u00e8re des pr\u00e9sentes mentions l\u00e9gales.<\/p>\n\n\n\n<p>Les informations contenues sur le site sont fournies \u00e0 titre indicatif. L\u2019\u00e9diteur se r\u00e9serve le droit de modifier, suspendre ou interrompre l\u2019acc\u00e8s \u00e0 tout ou partie du site, ainsi que de mettre \u00e0 jour ces mentions l\u00e9gales \u00e0 tout moment, sans pr\u00e9avis.<\/p>\n\n\n\n<p>Il est conseill\u00e9 \u00e0 l\u2019utilisateur de consulter r\u00e9guli\u00e8rement la pr\u00e9sente page pour prendre connaissance d\u2019\u00e9ventuelles modifications.<\/p>\n<\/div><\/div>\n<\/div><\/div>","protected":false},"excerpt":{"rendered":"<p>Mentionsl\u00e9gales Le pr\u00e9sent site est \u00e9dit\u00e9 par :ALTHEASoci\u00e9t\u00e9 par Actions Simplifi\u00e9e (SAS) au capital social de 20 000 \u20acSi\u00e8ge social : 300 Chemin du Gouletier, 34270 Saint-Mathieu-de-Tr\u00e9viers, FranceSIRET : 509 [&hellip;]<\/p>","protected":false},"author":1,"featured_media":0,"parent":0,"menu_order":0,"comment_status":"closed","ping_status":"closed","template":"","meta":{"_acf_changed":false,"_price":"","_stock":"","_tribe_ticket_header":"","_tribe_default_ticket_provider":"","_tribe_ticket_capacity":"0","_ticket_start_date":"","_ticket_end_date":"","_tribe_ticket_show_description":"","_tribe_ticket_show_not_going":false,"_tribe_ticket_use_global_stock":"","_tribe_ticket_global_stock_level":"","_global_stock_mode":"","_global_stock_cap":"","_tribe_rsvp_for_event":"","_tribe_ticket_going_count":"","_tribe_ticket_not_going_count":"","_tribe_tickets_list":"[]","_tribe_ticket_has_attendee_info_fields":false,"footnotes":"","_tec_slr_enabled":"","_tec_slr_layout":""},"class_list":["post-625","page","type-page","status-publish","hentry"],"acf":[],"ticketed":false,"_links":{"self":[{"href":"https:\/\/beauty-profs.com\/en\/wp-json\/wp\/v2\/pages\/625","targetHints":{"allow":["GET"]}}],"collection":[{"href":"https:\/\/beauty-profs.com\/en\/wp-json\/wp\/v2\/pages"}],"about":[{"href":"https:\/\/beauty-profs.com\/en\/wp-json\/wp\/v2\/types\/page"}],"author":[{"embeddable":true,"href":"https:\/\/beauty-profs.com\/en\/wp-json\/wp\/v2\/users\/1"}],"replies":[{"embeddable":true,"href":"https:\/\/beauty-profs.com\/en\/wp-json\/wp\/v2\/comments?post=625"}],"version-history":[{"count":9,"href":"https:\/\/beauty-profs.com\/en\/wp-json\/wp\/v2\/pages\/625\/revisions"}],"predecessor-version":[{"id":1307,"href":"https:\/\/beauty-profs.com\/en\/wp-json\/wp\/v2\/pages\/625\/revisions\/1307"}],"wp:attachment":[{"href":"https:\/\/beauty-profs.com\/en\/wp-json\/wp\/v2\/media?parent=625"}],"curies":[{"name":"wp","href":"https:\/\/api.w.org\/{rel}","templated":true}]}}